{"id":380,"date":"2025-07-30T16:06:43","date_gmt":"2025-07-30T14:06:43","guid":{"rendered":"https:\/\/elektrocomplete.pl\/?page_id=380"},"modified":"2025-08-22T03:43:13","modified_gmt":"2025-08-22T01:43:13","slug":"system-naglosnienia","status":"publish","type":"page","link":"https:\/\/elektrocomplete.pl\/index.php\/system-naglosnienia\/","title":{"rendered":"System Nag\u0142o\u015bnienia"},"content":{"rendered":"\t\t<div data-elementor-type=\"wp-page\" data-elementor-id=\"380\" class=\"elementor elementor-380\">\n\t\t\t\t<div class=\"elementor-element elementor-element-4628f958 e-flex e-con-boxed e-con e-parent\" data-id=\"4628f958\" data-element_type=\"container\">\n\t\t\t\t\t<div class=\"e-con-inner\">\n\t\t\t\t<div class=\"elementor-element elementor-element-6fd4a88b elementor-widget__width-initial elementor-widget elementor-widget-text-editor\" data-id=\"6fd4a88b\" data-element_type=\"widget\" data-widget_type=\"text-editor.default\">\n\t\t\t\t\t\t\t\t\t\n<p class=\"wp-elements-6601091f8737751cf18232ad853d5172\"><br \/><span style=\"font-size: 20px;\">Wyb\u00f3r odpowiedniego nag\u0142o\u015bnienia do domu, mo\u017ce by\u0107 <br \/>skomplikowanym zadaniem, zw\u0142aszcza dla os\u00f3b, kt\u00f3re nie maj\u0105 <br \/>do\u015bwiadczenia\u00a0 w tej dziedzinie. Nasi eksperci pomog\u0105 Pa\u0144stwu <br \/>w doborze odpowiedniego sprz\u0119tu, poka\u017c\u0105 rodzaje nag\u0142o\u015bnienia oraz praktyczne porady i wskaz\u00f3wki. Wska\u017c\u0105 wszystkie kluczowe aspekty, kt\u00f3re warto wzi\u0105\u0107 pod uwag\u0119, aby cieszy\u0107 si\u0119 najlepsz\u0105 jako\u015bci\u0105 d\u017awi\u0119ku w swoim domu.<\/span><\/p>\n\t\t\t\t\t\t\t\t<\/div>\n\t\t\t\t\t<\/div>\n\t\t\t\t<\/div>\n\t\t\t\t<\/div>\n\t\t","protected":false},"excerpt":{"rendered":"<p>Wyb\u00f3r odpowiedniego nag\u0142o\u015bnienia do domu, mo\u017ce by\u0107 skomplikowanym zadaniem, zw\u0142aszcza dla os\u00f3b, kt\u00f3re nie maj\u0105 do\u015bwiadczenia\u00a0 w tej dziedzinie. Nasi &hellip; <a href=\"https:\/\/elektrocomplete.pl\/index.php\/system-naglosnienia\/\" class=\"more-link\">Czytaj dalej <span class=\"screen-reader-text\">System Nag\u0142o\u015bnienia<\/span><\/a><\/p>\n","protected":false},"author":2,"featured_media":0,"parent":0,"menu_order":0,"comment_status":"closed","ping_status":"closed","template":"","meta":{"footnotes":""},"class_list":["post-380","page","type-page","status-publish","hentry"],"jetpack_sharing_enabled":true,"_links":{"self":[{"href":"https:\/\/elektrocomplete.pl\/index.php\/wp-json\/wp\/v2\/pages\/380","targetHints":{"allow":["GET"]}}],"collection":[{"href":"https:\/\/elektrocomplete.pl\/index.php\/wp-json\/wp\/v2\/pages"}],"about":[{"href":"https:\/\/elektrocomplete.pl\/index.php\/wp-json\/wp\/v2\/types\/page"}],"author":[{"embeddable":true,"href":"https:\/\/elektrocomplete.pl\/index.php\/wp-json\/wp\/v2\/users\/2"}],"replies":[{"embeddable":true,"href":"https:\/\/elektrocomplete.pl\/index.php\/wp-json\/wp\/v2\/comments?post=380"}],"version-history":[{"count":37,"href":"https:\/\/elektrocomplete.pl\/index.php\/wp-json\/wp\/v2\/pages\/380\/revisions"}],"predecessor-version":[{"id":875,"href":"https:\/\/elektrocomplete.pl\/index.php\/wp-json\/wp\/v2\/pages\/380\/revisions\/875"}],"wp:attachment":[{"href":"https:\/\/elektrocomplete.pl\/index.php\/wp-json\/wp\/v2\/media?parent=380"}],"curies":[{"name":"wp","href":"https:\/\/api.w.org\/{rel}","templated":true}]}}