{"id":372,"date":"2025-07-30T15:55:35","date_gmt":"2025-07-30T13:55:35","guid":{"rendered":"https:\/\/elektrocomplete.pl\/?page_id=372"},"modified":"2025-08-22T03:40:01","modified_gmt":"2025-08-22T01:40:01","slug":"kontrola-dostepu","status":"publish","type":"page","link":"https:\/\/elektrocomplete.pl\/index.php\/kontrola-dostepu\/","title":{"rendered":"Kontrola Dost\u0119pu"},"content":{"rendered":"\t\t<div data-elementor-type=\"wp-page\" data-elementor-id=\"372\" class=\"elementor elementor-372\">\n\t\t\t\t<div class=\"elementor-element elementor-element-83f9e11 e-flex e-con-boxed e-con e-parent\" data-id=\"83f9e11\" data-element_type=\"container\">\n\t\t\t\t\t<div class=\"e-con-inner\">\n\t\t\t\t<div class=\"elementor-element elementor-element-7c24a50 elementor-widget elementor-widget-text-editor\" data-id=\"7c24a50\" data-element_type=\"widget\" data-widget_type=\"text-editor.default\">\n\t\t\t\t\t\t\t\t\t\n<p class=\"has-text-align-center has-black-color has-white-background-color has-text-color has-background has-link-color has-medium-font-size wp-elements-514ef580b44de90c948e7add3d1bb54d\"><br \/><span style=\"font-size: 20px;\">W celach zabezpieczenia mienia lub okre\u015blonych pomieszcze\u0144, czy stref stosuj\u0105c odpowiednie urz\u0105dzenia, proponujemy wykorzystanie mo\u017cliwo\u015bci techniki do cel\u00f3w weryfikacji poszczeg\u00f3lnych os\u00f3b. Dzi\u0119ki identyfikacji danej osoby oraz weryfikacji, mo\u017cemy okre\u015bla\u0107 dost\u0119p wybranych os\u00f3b do stref.<\/span><\/p>\n\n<p>\u00a0<\/p>\n\t\t\t\t\t\t\t\t<\/div>\n\t\t\t\t\t<\/div>\n\t\t\t\t<\/div>\n\t\t\t\t<\/div>\n\t\t","protected":false},"excerpt":{"rendered":"<p>W celach zabezpieczenia mienia lub okre\u015blonych pomieszcze\u0144, czy stref stosuj\u0105c odpowiednie urz\u0105dzenia, proponujemy wykorzystanie mo\u017cliwo\u015bci techniki do cel\u00f3w weryfikacji poszczeg\u00f3lnych &hellip; <a href=\"https:\/\/elektrocomplete.pl\/index.php\/kontrola-dostepu\/\" class=\"more-link\">Czytaj dalej <span class=\"screen-reader-text\">Kontrola Dost\u0119pu<\/span><\/a><\/p>\n","protected":false},"author":2,"featured_media":0,"parent":0,"menu_order":0,"comment_status":"closed","ping_status":"closed","template":"","meta":{"footnotes":""},"class_list":["post-372","page","type-page","status-publish","hentry"],"jetpack_sharing_enabled":true,"_links":{"self":[{"href":"https:\/\/elektrocomplete.pl\/index.php\/wp-json\/wp\/v2\/pages\/372","targetHints":{"allow":["GET"]}}],"collection":[{"href":"https:\/\/elektrocomplete.pl\/index.php\/wp-json\/wp\/v2\/pages"}],"about":[{"href":"https:\/\/elektrocomplete.pl\/index.php\/wp-json\/wp\/v2\/types\/page"}],"author":[{"embeddable":true,"href":"https:\/\/elektrocomplete.pl\/index.php\/wp-json\/wp\/v2\/users\/2"}],"replies":[{"embeddable":true,"href":"https:\/\/elektrocomplete.pl\/index.php\/wp-json\/wp\/v2\/comments?post=372"}],"version-history":[{"count":16,"href":"https:\/\/elektrocomplete.pl\/index.php\/wp-json\/wp\/v2\/pages\/372\/revisions"}],"predecessor-version":[{"id":866,"href":"https:\/\/elektrocomplete.pl\/index.php\/wp-json\/wp\/v2\/pages\/372\/revisions\/866"}],"wp:attachment":[{"href":"https:\/\/elektrocomplete.pl\/index.php\/wp-json\/wp\/v2\/media?parent=372"}],"curies":[{"name":"wp","href":"https:\/\/api.w.org\/{rel}","templated":true}]}}