{"id":346,"date":"2025-07-30T15:45:30","date_gmt":"2025-07-30T13:45:30","guid":{"rendered":"https:\/\/elektrocomplete.pl\/?page_id=346"},"modified":"2025-08-14T18:26:40","modified_gmt":"2025-08-14T16:26:40","slug":"system-alarmowy","status":"publish","type":"page","link":"https:\/\/elektrocomplete.pl\/index.php\/system-alarmowy\/","title":{"rendered":"System Alarmowy"},"content":{"rendered":"\t\t<div data-elementor-type=\"wp-page\" data-elementor-id=\"346\" class=\"elementor elementor-346\">\n\t\t\t\t<div class=\"elementor-element elementor-element-1bfc962a e-flex e-con-boxed e-con e-parent\" data-id=\"1bfc962a\" data-element_type=\"container\">\n\t\t\t\t\t<div class=\"e-con-inner\">\n\t\t\t\t<div class=\"elementor-element elementor-element-32641cb7 elementor-widget elementor-widget-text-editor\" data-id=\"32641cb7\" data-element_type=\"widget\" data-widget_type=\"text-editor.default\">\n\t\t\t\t\t\t\t\t\t<figure class=\"wp-block-image aligncenter size-large is-resized\"><\/figure>\n<p><!-- \/wp:image --><!-- wp:paragraph {\"style\":{\"elements\":{\"link\":{\"color\":{\"text\":\"var:preset|color|black\"}}}},\"backgroundColor\":\"white\",\"textColor\":\"black\",\"fontSize\":\"medium\"} --><\/p>\n<div><\/div>\n<p class=\"has-black-color has-white-background-color has-text-color has-background has-link-color has-medium-font-size\">Ka\u017cdy z nas chce \u201espa\u0107 bezpiecznie\u201d. Dzi\u0119ki nowatorskim rozwi\u0105zaniom, oraz spe\u0142nieniu najostrzejszych norm (certyfikat EN- 50131 stopie\u0144 2) pomo\u017cemy Pa\u0144stwu zabezpieczy\u0107 dobytek ca\u0142ego \u017cycia. W szybki spos\u00f3b otrzymujecie zar\u00f3wno Pa\u0144stwo jak i firma ochroniarska informacj\u0119 w postaci sms, e-mail lub powiadomienia g\u0142osowego o naruszeniu lub zadzia\u0142aniu czujek ruchu, zalania, po\u017carowych, gazu czy dymu.<\/p>\n<p><!-- \/wp:paragraph --><!-- wp:paragraph --><\/p>\n<p><!-- \/wp:paragraph --><\/p>\t\t\t\t\t\t\t\t<\/div>\n\t\t\t\t\t<\/div>\n\t\t\t\t<\/div>\n\t\t\t\t<\/div>\n\t\t","protected":false},"excerpt":{"rendered":"<p>Ka\u017cdy z nas chce \u201espa\u0107 bezpiecznie\u201d. Dzi\u0119ki nowatorskim rozwi\u0105zaniom, oraz spe\u0142nieniu najostrzejszych norm (certyfikat EN- 50131 stopie\u0144 2) pomo\u017cemy Pa\u0144stwu &hellip; <a href=\"https:\/\/elektrocomplete.pl\/index.php\/system-alarmowy\/\" class=\"more-link\">Czytaj dalej <span class=\"screen-reader-text\">System Alarmowy<\/span><\/a><\/p>\n","protected":false},"author":2,"featured_media":0,"parent":0,"menu_order":0,"comment_status":"closed","ping_status":"closed","template":"","meta":{"footnotes":""},"class_list":["post-346","page","type-page","status-publish","hentry"],"jetpack_sharing_enabled":true,"_links":{"self":[{"href":"https:\/\/elektrocomplete.pl\/index.php\/wp-json\/wp\/v2\/pages\/346","targetHints":{"allow":["GET"]}}],"collection":[{"href":"https:\/\/elektrocomplete.pl\/index.php\/wp-json\/wp\/v2\/pages"}],"about":[{"href":"https:\/\/elektrocomplete.pl\/index.php\/wp-json\/wp\/v2\/types\/page"}],"author":[{"embeddable":true,"href":"https:\/\/elektrocomplete.pl\/index.php\/wp-json\/wp\/v2\/users\/2"}],"replies":[{"embeddable":true,"href":"https:\/\/elektrocomplete.pl\/index.php\/wp-json\/wp\/v2\/comments?post=346"}],"version-history":[{"count":15,"href":"https:\/\/elektrocomplete.pl\/index.php\/wp-json\/wp\/v2\/pages\/346\/revisions"}],"predecessor-version":[{"id":665,"href":"https:\/\/elektrocomplete.pl\/index.php\/wp-json\/wp\/v2\/pages\/346\/revisions\/665"}],"wp:attachment":[{"href":"https:\/\/elektrocomplete.pl\/index.php\/wp-json\/wp\/v2\/media?parent=346"}],"curies":[{"name":"wp","href":"https:\/\/api.w.org\/{rel}","templated":true}]}}