{"id":342,"date":"2025-07-30T15:45:38","date_gmt":"2025-07-30T13:45:38","guid":{"rendered":"https:\/\/elektrocomplete.pl\/?page_id=342"},"modified":"2025-08-22T03:41:12","modified_gmt":"2025-08-22T01:41:12","slug":"system-automatyki-budynkowej","status":"publish","type":"page","link":"https:\/\/elektrocomplete.pl\/index.php\/system-automatyki-budynkowej\/","title":{"rendered":"Rozdzielnice Elektryczne"},"content":{"rendered":"\t\t<div data-elementor-type=\"wp-page\" data-elementor-id=\"342\" class=\"elementor elementor-342\">\n\t\t\t\t<div class=\"elementor-element elementor-element-6de40a2 e-flex e-con-boxed e-con e-parent\" data-id=\"6de40a2\" data-element_type=\"container\">\n\t\t\t\t\t<div class=\"e-con-inner\">\n\t\t\t\t<div class=\"elementor-element elementor-element-5bf7ec12 elementor-widget elementor-widget-text-editor\" data-id=\"5bf7ec12\" data-element_type=\"widget\" data-widget_type=\"text-editor.default\">\n\t\t\t\t\t\t\t\t\t\n<p class=\"has-black-color has-white-background-color has-text-color has-background has-link-color has-medium-font-size wp-elements-bf30ee79f1bd56bbf033292ab8d49530\"><br \/><span style=\"font-size: 20px;\">Rozdzielnica elektryczna jest bardzo wa\u017cnym elementem instalacji elektrycznej. Wykonujemy dla Pa\u0144stwa rozdzielnice zar\u00f3wno do u\u017cytku domowego jak <br \/>i przemys\u0142owego. Realizujemy zadania z gotowym projektem rozdzielni. <br \/>Wykonane przez nas rozdzielnice bazuj\u0105 na wiod\u0105cych producentach podzespo\u0142\u00f3w.<\/span><\/p>\n\t\t\t\t\t\t\t\t<\/div>\n\t\t\t\t\t<\/div>\n\t\t\t\t<\/div>\n\t\t\t\t<\/div>\n\t\t","protected":false},"excerpt":{"rendered":"<p>Rozdzielnica elektryczna jest bardzo wa\u017cnym elementem instalacji elektrycznej. Wykonujemy dla Pa\u0144stwa rozdzielnice zar\u00f3wno do u\u017cytku domowego jak i przemys\u0142owego. Realizujemy &hellip; <a href=\"https:\/\/elektrocomplete.pl\/index.php\/system-automatyki-budynkowej\/\" class=\"more-link\">Czytaj dalej <span class=\"screen-reader-text\">Rozdzielnice Elektryczne<\/span><\/a><\/p>\n","protected":false},"author":2,"featured_media":0,"parent":0,"menu_order":0,"comment_status":"closed","ping_status":"closed","template":"","meta":{"footnotes":""},"class_list":["post-342","page","type-page","status-publish","hentry"],"jetpack_sharing_enabled":true,"_links":{"self":[{"href":"https:\/\/elektrocomplete.pl\/index.php\/wp-json\/wp\/v2\/pages\/342","targetHints":{"allow":["GET"]}}],"collection":[{"href":"https:\/\/elektrocomplete.pl\/index.php\/wp-json\/wp\/v2\/pages"}],"about":[{"href":"https:\/\/elektrocomplete.pl\/index.php\/wp-json\/wp\/v2\/types\/page"}],"author":[{"embeddable":true,"href":"https:\/\/elektrocomplete.pl\/index.php\/wp-json\/wp\/v2\/users\/2"}],"replies":[{"embeddable":true,"href":"https:\/\/elektrocomplete.pl\/index.php\/wp-json\/wp\/v2\/comments?post=342"}],"version-history":[{"count":25,"href":"https:\/\/elektrocomplete.pl\/index.php\/wp-json\/wp\/v2\/pages\/342\/revisions"}],"predecessor-version":[{"id":869,"href":"https:\/\/elektrocomplete.pl\/index.php\/wp-json\/wp\/v2\/pages\/342\/revisions\/869"}],"wp:attachment":[{"href":"https:\/\/elektrocomplete.pl\/index.php\/wp-json\/wp\/v2\/media?parent=342"}],"curies":[{"name":"wp","href":"https:\/\/api.w.org\/{rel}","templated":true}]}}