{"id":340,"date":"2025-07-30T15:45:12","date_gmt":"2025-07-30T13:45:12","guid":{"rendered":"https:\/\/elektrocomplete.pl\/?page_id=340"},"modified":"2025-08-22T03:38:04","modified_gmt":"2025-08-22T01:38:04","slug":"instalacje-elektryczne","status":"publish","type":"page","link":"https:\/\/elektrocomplete.pl\/index.php\/instalacje-elektryczne\/","title":{"rendered":"Instalacje Elektryczne"},"content":{"rendered":"\t\t<div data-elementor-type=\"wp-page\" data-elementor-id=\"340\" class=\"elementor elementor-340\">\n\t\t\t\t<div class=\"elementor-element elementor-element-419b5a73 e-flex e-con-boxed e-con e-parent\" data-id=\"419b5a73\" data-element_type=\"container\">\n\t\t\t\t\t<div class=\"e-con-inner\">\n\t\t\t\t<div class=\"elementor-element elementor-element-1becddff elementor-widget elementor-widget-text-editor\" data-id=\"1becddff\" data-element_type=\"widget\" data-widget_type=\"text-editor.default\">\n\t\t\t\t\t\t\t\t\t<div><\/div>\n<p class=\"has-text-align-center has-black-color has-white-background-color has-text-color has-background has-link-color has-medium-font-size\">Wykonujemy dla Pa\u0144stwa bez puszkowe instalacje elektryczne w budynkach biurowych jak i budynkach dom\u00f3w jednorodzinnych. \u015awiadczymy us\u0142ugi pocz\u0105wszy od dostarczenia materia\u0142u,<br \/>wykonania okablowania i rozdzielnicy, a\u017c po bia\u0142y monta\u017c przy maksymalnym wykorzystaniu funkcjonalno\u015bci instalacji elektrycznej. Zapewniamy pe\u0142en profesjonalizm, terminowo\u015b\u0107 <br \/>w oparciu o najwy\u017csze standardy bezpiecze\u0144stwa i jako\u015bci.<\/p>\n<p><!-- \/wp:paragraph --><!-- wp:paragraph --><\/p>\n<p><!-- \/wp:paragraph --><\/p>\t\t\t\t\t\t\t\t<\/div>\n\t\t\t\t\t<\/div>\n\t\t\t\t<\/div>\n\t\t\t\t<\/div>\n\t\t","protected":false},"excerpt":{"rendered":"<p>Wykonujemy dla Pa\u0144stwa bez puszkowe instalacje elektryczne w budynkach biurowych jak i budynkach dom\u00f3w jednorodzinnych. \u015awiadczymy us\u0142ugi pocz\u0105wszy od dostarczenia &hellip; <a href=\"https:\/\/elektrocomplete.pl\/index.php\/instalacje-elektryczne\/\" class=\"more-link\">Czytaj dalej <span class=\"screen-reader-text\">Instalacje Elektryczne<\/span><\/a><\/p>\n","protected":false},"author":2,"featured_media":0,"parent":0,"menu_order":0,"comment_status":"closed","ping_status":"closed","template":"","meta":{"footnotes":""},"class_list":["post-340","page","type-page","status-publish","hentry"],"jetpack_sharing_enabled":true,"_links":{"self":[{"href":"https:\/\/elektrocomplete.pl\/index.php\/wp-json\/wp\/v2\/pages\/340","targetHints":{"allow":["GET"]}}],"collection":[{"href":"https:\/\/elektrocomplete.pl\/index.php\/wp-json\/wp\/v2\/pages"}],"about":[{"href":"https:\/\/elektrocomplete.pl\/index.php\/wp-json\/wp\/v2\/types\/page"}],"author":[{"embeddable":true,"href":"https:\/\/elektrocomplete.pl\/index.php\/wp-json\/wp\/v2\/users\/2"}],"replies":[{"embeddable":true,"href":"https:\/\/elektrocomplete.pl\/index.php\/wp-json\/wp\/v2\/comments?post=340"}],"version-history":[{"count":34,"href":"https:\/\/elektrocomplete.pl\/index.php\/wp-json\/wp\/v2\/pages\/340\/revisions"}],"predecessor-version":[{"id":860,"href":"https:\/\/elektrocomplete.pl\/index.php\/wp-json\/wp\/v2\/pages\/340\/revisions\/860"}],"wp:attachment":[{"href":"https:\/\/elektrocomplete.pl\/index.php\/wp-json\/wp\/v2\/media?parent=340"}],"curies":[{"name":"wp","href":"https:\/\/api.w.org\/{rel}","templated":true}]}}