{"id":15,"date":"2022-02-18T12:14:42","date_gmt":"2022-02-18T11:14:42","guid":{"rendered":"http:\/\/elektrocomplete.pl\/?page_id=15"},"modified":"2025-08-12T11:30:30","modified_gmt":"2025-08-12T09:30:30","slug":"elektro-complete","status":"publish","type":"page","link":"https:\/\/elektrocomplete.pl\/index.php\/elektro-complete\/","title":{"rendered":"O nas"},"content":{"rendered":"\t\t<div data-elementor-type=\"wp-page\" data-elementor-id=\"15\" class=\"elementor elementor-15\">\n\t\t\t\t<div class=\"elementor-element elementor-element-6bda26cc e-flex e-con-boxed e-con e-parent\" data-id=\"6bda26cc\" data-element_type=\"container\">\n\t\t\t\t\t<div class=\"e-con-inner\">\n\t\t\t\t<div class=\"elementor-element elementor-element-6be3c924 elementor-widget elementor-widget-text-editor\" data-id=\"6be3c924\" data-element_type=\"widget\" data-widget_type=\"text-editor.default\">\n\t\t\t\t\t\t\t\t\t<p><\/p>\n<p>\u00a0<\/p>\n<p>\u00a0<\/p>\n<p><!-- \/wp:paragraph --><!-- wp:group {\"align\":\"full\",\"style\":{\"color\":{\"text\":\"#000000\",\"background\":\"#ffffff\"}}} --><\/p>\n<div class=\"wp-block-group alignfull has-text-color has-background\" style=\"background-color: #ffffff;\">\n<p class=\"has-text-align-center has-black-color has-white-background-color has-text-color has-background has-medium-font-size\">Firma Elektro Complete specjalizuje si\u0119 w wykonywaniu szeroko poj\u0119tych instalacji elektrycznych i teletechnicznych. Swoje do\u015bwiadczenie i wiedz\u0119 oferujemy naszym kontrahentom ju\u017c od pierwszych chwil wsp\u00f3lnie realizowanych projekt\u00f3w. Wspiera nas wielu partner\u00f3w biznesowych i technicznych. Staramy si\u0119, aby ka\u017cdy inwestor czu\u0142 w nas partnera. Wnikliwa analiza wsp\u00f3lnego projektu pozwala nam \u015bwiadczy\u0107 us\u0142ugi w konkurencyjnych cenach, gwarantuj\u0105c przy tym wysok\u0105 jako\u015b\u0107 wykonania. Wykonujemy profesjonalne instalacje dla Twojego domu na bazie najnowocze\u015bniejszych rozwi\u0105za\u0144 na rynku.<\/p>\n<p class=\"has-text-align-center has-black-color has-white-background-color has-text-color has-background has-medium-font-size\" style=\"color: #000000;\"><strong>Zapraszamy do wsp\u00f3\u0142pracy<\/strong><\/p>\n<p style=\"color: #000000;\"><!-- \/wp:paragraph --><!-- wp:paragraph --><\/p>\n<p style=\"color: #000000;\"><!-- \/wp:paragraph --><!-- wp:quote --><\/p>\n<blockquote class=\"wp-block-quote\" style=\"color: #000000;\">\n<p class=\"has-text-align-center has-large-font-size\"><strong>Jeste\u015b dla nas najwa\u017cniejszym klientem.<\/strong><\/p>\n<p><!-- \/wp:paragraph --><\/p>\n<\/blockquote>\n<p style=\"color: #000000;\"><!-- \/wp:quote --><!-- wp:paragraph --><\/p>\n<p style=\"color: #000000;\"><!-- \/wp:paragraph --><\/p>\n<\/div>\n<p><!-- \/wp:group --><!-- wp:paragraph --><\/p>\n<p><!-- \/wp:paragraph --><\/p>\t\t\t\t\t\t\t\t<\/div>\n\t\t\t\t\t<\/div>\n\t\t\t\t<\/div>\n\t\t\t\t<\/div>\n\t\t","protected":false},"excerpt":{"rendered":"<p>\u00a0 \u00a0 Firma Elektro Complete specjalizuje si\u0119 w wykonywaniu szeroko poj\u0119tych instalacji elektrycznych i teletechnicznych. Swoje do\u015bwiadczenie i wiedz\u0119 oferujemy &hellip; <a href=\"https:\/\/elektrocomplete.pl\/index.php\/elektro-complete\/\" class=\"more-link\">Czytaj dalej <span class=\"screen-reader-text\">O nas<\/span><\/a><\/p>\n","protected":false},"author":1,"featured_media":0,"parent":0,"menu_order":0,"comment_status":"closed","ping_status":"closed","template":"","meta":{"footnotes":""},"class_list":["post-15","page","type-page","status-publish","hentry"],"jetpack_sharing_enabled":true,"_links":{"self":[{"href":"https:\/\/elektrocomplete.pl\/index.php\/wp-json\/wp\/v2\/pages\/15","targetHints":{"allow":["GET"]}}],"collection":[{"href":"https:\/\/elektrocomplete.pl\/index.php\/wp-json\/wp\/v2\/pages"}],"about":[{"href":"https:\/\/elektrocomplete.pl\/index.php\/wp-json\/wp\/v2\/types\/page"}],"author":[{"embeddable":true,"href":"https:\/\/elektrocomplete.pl\/index.php\/wp-json\/wp\/v2\/users\/1"}],"replies":[{"embeddable":true,"href":"https:\/\/elektrocomplete.pl\/index.php\/wp-json\/wp\/v2\/comments?post=15"}],"version-history":[{"count":65,"href":"https:\/\/elektrocomplete.pl\/index.php\/wp-json\/wp\/v2\/pages\/15\/revisions"}],"predecessor-version":[{"id":554,"href":"https:\/\/elektrocomplete.pl\/index.php\/wp-json\/wp\/v2\/pages\/15\/revisions\/554"}],"wp:attachment":[{"href":"https:\/\/elektrocomplete.pl\/index.php\/wp-json\/wp\/v2\/media?parent=15"}],"curies":[{"name":"wp","href":"https:\/\/api.w.org\/{rel}","templated":true}]}}